{"id":4237,"date":"2023-04-20T08:59:51","date_gmt":"2023-04-20T08:59:51","guid":{"rendered":"https:\/\/www.venenzentrum-am-see.ch\/?page_id=4237"},"modified":"2023-04-20T08:59:54","modified_gmt":"2023-04-20T08:59:54","slug":"prof-dr-med-markus-enzler","status":"publish","type":"page","link":"https:\/\/www.venenzentrum-am-see.ch\/it\/prof-dr-med-markus-enzler\/","title":{"rendered":"Prof. Dr. med. Markus Enzler"},"content":{"rendered":"<p>[et_pb_section fb_built=&#8221;1&#8243; _builder_version=&#8221;4.16&#8243; use_background_color_gradient=&#8221;on&#8221; background_color_gradient_direction=&#8221;167deg&#8221; background_color_gradient_stops=&#8221;#739cd2 0%|#325484 100%&#8221; background_color_gradient_start=&#8221;#739cd2&#8243; background_color_gradient_end=&#8221;#325484&#8243; global_colors_info=&#8221;{}&#8221;][et_pb_row _builder_version=&#8221;4.16&#8243; global_colors_info=&#8221;{}&#8221;][et_pb_column type=&#8221;4_4&#8243; _builder_version=&#8221;4.16&#8243; global_colors_info=&#8221;{}&#8221;][et_pb_text _builder_version=&#8221;4.16&#8243; header_text_color=&#8221;#ffffff&#8221; header_font_size=&#8221;40px&#8221; global_colors_info=&#8221;{}&#8221;]<\/p>\n<h1>Prof. Dr. med. Markus Enzler<br \/>\n<\/h1>\n<p>[\/et_pb_text][\/et_pb_column][\/et_pb_row][\/et_pb_section][et_pb_section fb_built=&#8221;1&#8243; _builder_version=&#8221;4.16&#8243; custom_padding=&#8221;||86px|||&#8221; global_colors_info=&#8221;{}&#8221;][et_pb_row _builder_version=&#8221;4.16&#8243; global_colors_info=&#8221;{}&#8221;][et_pb_column type=&#8221;4_4&#8243; _builder_version=&#8221;4.16&#8243; global_colors_info=&#8221;{}&#8221;][et_pb_image src=&#8221;https:\/\/www.venenzentrum-am-see.ch\/wp-content\/uploads\/2019\/10\/dr-enzler-1.jpg&#8221; _builder_version=&#8221;4.17.5&#8243; custom_margin=&#8221;20px|||||&#8221; global_colors_info=&#8221;{}&#8221;][\/et_pb_image][\/et_pb_column][\/et_pb_row][et_pb_row _builder_version=&#8221;4.17.5&#8243; _module_preset=&#8221;default&#8221; global_colors_info=&#8221;{}&#8221;][et_pb_column type=&#8221;4_4&#8243; _builder_version=&#8221;4.17.5&#8243; _module_preset=&#8221;default&#8221; global_colors_info=&#8221;{}&#8221;][et_pb_text _builder_version=&#8221;4.17.6&#8243; _module_preset=&#8221;default&#8221; text_font_size=&#8221;16px&#8221; hover_enabled=&#8221;0&#8243; global_colors_info=&#8221;{}&#8221; sticky_enabled=&#8221;0&#8243;]<\/p>\n<h2>Il Prof. Dr. med. Markus Enzler consegna lo studio Venenzentrum am See alla signora H\u00f6gger<\/h2>\n<p>Il Prof. Dr. med. Markus Enzler cede lo studio Venenzentrum am See dopo 25 anni di attivit\u00e0 e saluta la pensione.<\/p>\n<p>Il Vein Centre by the Lake continua a essere un <strong>centro di eccellenza per la diagnosi e il trattamento dei disturbi venosi<\/strong>.<\/p>\n<p>Il Prof. Dr. med. Markus Enzler consegna con orgoglio le prestazioni dello studio al nostro esperto  <strong>Specialista in chirurgia e flebologia:  <a href=\"https:\/\/www.venenzentrum-am-see.ch\/it\/?page_id=948\">Dipl. La dottoressa Lisa H\u00f6gger.<\/a><\/strong>  Ha gi\u00e0 lavorato con me nello studio per diversi anni e continuer\u00e0 a gestire lo studio con comprovata competenza e continuit\u00e0.<\/p>\n<p>La signora H\u00f6gger pu\u00f2 essere contattata per tutte le questioni all&#8217;indirizzo<strong> <a href=\"mailto:lisa.hoegger@hin.ch\">lisa.hoegger@hin.ch<\/a><\/strong>. La signora H\u00f6gger \u00e8 lieta di assistervi e continuer\u00e0 a occuparsi dei vostri pazienti con empatia e competenza.<\/p>\n<p>&nbsp;<\/p>\n<p>[\/et_pb_text][\/et_pb_column][\/et_pb_row][\/et_pb_section]<\/p>\n","protected":false},"excerpt":{"rendered":"<p>Prof. Dr. med. Markus Enzler Il Prof. Dr. med. Markus Enzler consegna lo studio Venenzentrum am See alla signora H\u00f6gger Il Prof. Dr. med. Markus Enzler cede lo studio Venenzentrum am See dopo 25 anni di attivit\u00e0 e saluta la pensione. Il Vein Centre by the Lake continua a essere un centro di eccellenza per [&hellip;]<\/p>\n","protected":false},"author":5,"featured_media":0,"parent":0,"menu_order":0,"comment_status":"closed","ping_status":"closed","template":"","meta":{"_et_pb_use_builder":"on","_et_pb_old_content":"","_et_gb_content_width":"","footnotes":""},"class_list":["post-4237","page","type-page","status-publish","hentry"],"_links":{"self":[{"href":"https:\/\/www.venenzentrum-am-see.ch\/it\/wp-json\/wp\/v2\/pages\/4237","targetHints":{"allow":["GET"]}}],"collection":[{"href":"https:\/\/www.venenzentrum-am-see.ch\/it\/wp-json\/wp\/v2\/pages"}],"about":[{"href":"https:\/\/www.venenzentrum-am-see.ch\/it\/wp-json\/wp\/v2\/types\/page"}],"author":[{"embeddable":true,"href":"https:\/\/www.venenzentrum-am-see.ch\/it\/wp-json\/wp\/v2\/users\/5"}],"replies":[{"embeddable":true,"href":"https:\/\/www.venenzentrum-am-see.ch\/it\/wp-json\/wp\/v2\/comments?post=4237"}],"version-history":[{"count":6,"href":"https:\/\/www.venenzentrum-am-see.ch\/it\/wp-json\/wp\/v2\/pages\/4237\/revisions"}],"predecessor-version":[{"id":4389,"href":"https:\/\/www.venenzentrum-am-see.ch\/it\/wp-json\/wp\/v2\/pages\/4237\/revisions\/4389"}],"wp:attachment":[{"href":"https:\/\/www.venenzentrum-am-see.ch\/it\/wp-json\/wp\/v2\/media?parent=4237"}],"curies":[{"name":"wp","href":"https:\/\/api.w.org\/{rel}","templated":true}]}}